{"id":45,"date":"2025-02-04T14:34:35","date_gmt":"2025-02-04T13:34:35","guid":{"rendered":"https:\/\/govisions.fr\/?page_id=45"},"modified":"2025-03-13T11:46:34","modified_gmt":"2025-03-13T10:46:34","slug":"nous-connaitre","status":"publish","type":"page","link":"https:\/\/govisions.fr\/?page_id=45","title":{"rendered":"Nous connaitre"},"content":{"rendered":"\n<p>Pilote de drone amateur depuis quelques ann\u00e9es, cette passion est devenue un m\u00e9tier.<\/p>\n\n\n\n<p>Aujourd&rsquo;hui, je souhaite mettre mes comp\u00e9tences de t\u00e9l\u00e9-pilote professionnel au services des collectivit\u00e9s locales et des entreprises pour:<\/p>\n\n\n\n<ul class=\"wp-block-list\">\n<li> Missions d&rsquo;inspection de toitures et de b\u00e2timents<\/li>\n\n\n\n<li>Mod\u00e9lisation de structures et relev\u00e9s photogramm\u00e9triques<\/li>\n\n\n\n<li>Inspection thermiques des structures et des panneaux photovolta\u00efques<\/li>\n<\/ul>\n\n\n\n<p>Dipl\u00f4m\u00e9Je dispose du Certificat d&rsquo;Aptitude Th\u00e9orique de T\u00e9l\u00e9pilote &#8211; CATS (STS), d\u00e9livr\u00e9 par la Direction G\u00e9n\u00e9rale de L&rsquo;Aviation Civile<\/p>\n\n\n\n<figure class=\"wp-block-gallery has-nested-images columns-default is-cropped wp-block-gallery-1 is-layout-flex wp-block-gallery-is-layout-flex\">\n<figure class=\"wp-block-image size-large\"><img loading=\"lazy\" decoding=\"async\" width=\"1024\" height=\"692\" data-id=\"163\" src=\"https:\/\/govisions.fr\/wp-content\/uploads\/2025\/02\/0bff22_7058cef0d1b74cb7bbe5a95a63d2ca80mv2-1024x692.webp\" alt=\"\" class=\"wp-image-163\" srcset=\"https:\/\/govisions.fr\/wp-content\/uploads\/2025\/02\/0bff22_7058cef0d1b74cb7bbe5a95a63d2ca80mv2-1024x692.webp 1024w, https:\/\/govisions.fr\/wp-content\/uploads\/2025\/02\/0bff22_7058cef0d1b74cb7bbe5a95a63d2ca80mv2-300x203.webp 300w, https:\/\/govisions.fr\/wp-content\/uploads\/2025\/02\/0bff22_7058cef0d1b74cb7bbe5a95a63d2ca80mv2-768x519.webp 768w, https:\/\/govisions.fr\/wp-content\/uploads\/2025\/02\/0bff22_7058cef0d1b74cb7bbe5a95a63d2ca80mv2.webp 1332w\" sizes=\"auto, (max-width: 1024px) 100vw, 1024px\" \/><\/figure>\n<\/figure>\n","protected":false},"excerpt":{"rendered":"<p>Pilote de drone amateur depuis quelques ann\u00e9es, cette passion est devenue un m\u00e9tier. Aujourd&rsquo;hui, je souhaite mettre mes comp\u00e9tences de t\u00e9l\u00e9-pilote professionnel au services des collectivit\u00e9s locales et des entreprises pour: Dipl\u00f4m\u00e9Je dispose du Certificat d&rsquo;Aptitude Th\u00e9orique de T\u00e9l\u00e9pilote &#8211; &hellip; <a href=\"https:\/\/govisions.fr\/?page_id=45\">Continuer la lecture <span class=\"meta-nav\">&rarr;<\/span><\/a><\/p>\n","protected":false},"author":1,"featured_media":0,"parent":0,"menu_order":0,"comment_status":"closed","ping_status":"closed","template":"","meta":{"footnotes":""},"class_list":["post-45","page","type-page","status-publish","hentry"],"_links":{"self":[{"href":"https:\/\/govisions.fr\/index.php?rest_route=\/wp\/v2\/pages\/45","targetHints":{"allow":["GET"]}}],"collection":[{"href":"https:\/\/govisions.fr\/index.php?rest_route=\/wp\/v2\/pages"}],"about":[{"href":"https:\/\/govisions.fr\/index.php?rest_route=\/wp\/v2\/types\/page"}],"author":[{"embeddable":true,"href":"https:\/\/govisions.fr\/index.php?rest_route=\/wp\/v2\/users\/1"}],"replies":[{"embeddable":true,"href":"https:\/\/govisions.fr\/index.php?rest_route=%2Fwp%2Fv2%2Fcomments&post=45"}],"version-history":[{"count":4,"href":"https:\/\/govisions.fr\/index.php?rest_route=\/wp\/v2\/pages\/45\/revisions"}],"predecessor-version":[{"id":168,"href":"https:\/\/govisions.fr\/index.php?rest_route=\/wp\/v2\/pages\/45\/revisions\/168"}],"wp:attachment":[{"href":"https:\/\/govisions.fr\/index.php?rest_route=%2Fwp%2Fv2%2Fmedia&parent=45"}],"curies":[{"name":"wp","href":"https:\/\/api.w.org\/{rel}","templated":true}]}}