{"id":35,"date":"2025-02-04T14:30:25","date_gmt":"2025-02-04T13:30:25","guid":{"rendered":"https:\/\/govisions.fr\/?page_id=35"},"modified":"2025-06-13T16:08:53","modified_gmt":"2025-06-13T14:08:53","slug":"inspections-thermiques-des-panneaux-solaires","status":"publish","type":"page","link":"https:\/\/govisions.fr\/?page_id=35","title":{"rendered":"Inspections thermiques des panneaux solaires"},"content":{"rendered":"\n<p><strong>Comment maintenir une capacit\u00e9 solaire maximale<\/strong><\/p>\n\n\n\n<p>Un certain nombre de probl\u00e8mes peuvent avoir un impact sur l\u2019efficacit\u00e9 et le rendement des modules solaires, notamment la salet\u00e9, les diodes ou les cellules d\u00e9fectueuses et autres dommages plus importants sur l\u2019ensemble du panneau. La salet\u00e9 est l\u2019un des probl\u00e8mes les plus courants pour la plupart des installations solaires. <strong>Des recherches r\u00e9centes ont montr\u00e9 qu\u2019un panneau solaire sale peut perdre jusqu\u2019\u00e0 50 % de son efficacit\u00e9 par rapport \u00e0 un panneau propre. <\/strong>Ces pertes \u00e9normes ont un impact significatif sur l\u2019efficacit\u00e9 de l\u2019ensemble d\u2019une centrale solaire, ce qui r\u00e9duit les b\u00e9n\u00e9fices et rend les grandes fermes solaires modernes beaucoup moins viables.<\/p>\n\n\n\n<p>\u00c9tant donn\u00e9 que le but d\u2019un panneau est d\u2019absorber l\u2019\u00e9nergie solaire, si la cam\u00e9ra thermique d\u00e9tecte des niveaux de chaleur trop \u00e9lev\u00e9s, cela indique que le panneau ne fonctionne pas \u00e0 pleine capacit\u00e9 et qu\u2019il y a un probl\u00e8me tel qu\u2019une cellule ou une diode de d\u00e9rivation d\u00e9fectueuse, de la salet\u00e9 ou de la poussi\u00e8re, ou encore un dommage au panneau.<\/p>\n\n\n\n<p>Les op\u00e9rateurs sont en mesure d\u2019identifier \u00e0 distance non seulement qu\u2019il y a un probl\u00e8me, mais surtout quel est ce probl\u00e8me, ce qui augmente consid\u00e9rablement l\u2019efficacit\u00e9 et la rapidit\u00e9 de toute action corrective requise.<\/p>\n\n\n\n<figure class=\"wp-block-gallery has-nested-images columns-default is-cropped wp-block-gallery-1 is-layout-flex wp-block-gallery-is-layout-flex\">\n<figure class=\"wp-block-image size-large\"><img loading=\"lazy\" decoding=\"async\" width=\"1024\" height=\"1009\" data-id=\"259\" src=\"https:\/\/govisions.fr\/wp-content\/uploads\/2025\/06\/PS-1-1024x1009.png\" alt=\"\" class=\"wp-image-259\" srcset=\"https:\/\/govisions.fr\/wp-content\/uploads\/2025\/06\/PS-1-1024x1009.png 1024w, https:\/\/govisions.fr\/wp-content\/uploads\/2025\/06\/PS-1-300x296.png 300w, https:\/\/govisions.fr\/wp-content\/uploads\/2025\/06\/PS-1-768x757.png 768w, https:\/\/govisions.fr\/wp-content\/uploads\/2025\/06\/PS-1-1536x1513.png 1536w, https:\/\/govisions.fr\/wp-content\/uploads\/2025\/06\/PS-1.png 1826w\" sizes=\"auto, (max-width: 1024px) 100vw, 1024px\" \/><\/figure>\n<\/figure>\n\n\n\n<figure class=\"wp-block-gallery has-nested-images columns-default is-cropped wp-block-gallery-2 is-layout-flex wp-block-gallery-is-layout-flex\">\n<figure class=\"wp-block-image size-large\"><img loading=\"lazy\" decoding=\"async\" width=\"1024\" height=\"961\" data-id=\"263\" src=\"https:\/\/govisions.fr\/wp-content\/uploads\/2025\/06\/PS-2-1024x961.png\" alt=\"\" class=\"wp-image-263\" srcset=\"https:\/\/govisions.fr\/wp-content\/uploads\/2025\/06\/PS-2-1024x961.png 1024w, https:\/\/govisions.fr\/wp-content\/uploads\/2025\/06\/PS-2-300x281.png 300w, https:\/\/govisions.fr\/wp-content\/uploads\/2025\/06\/PS-2-768x721.png 768w, https:\/\/govisions.fr\/wp-content\/uploads\/2025\/06\/PS-2-1536x1441.png 1536w, https:\/\/govisions.fr\/wp-content\/uploads\/2025\/06\/PS-2.png 1634w\" sizes=\"auto, (max-width: 1024px) 100vw, 1024px\" \/><\/figure>\n<\/figure>\n","protected":false},"excerpt":{"rendered":"<p>Comment maintenir une capacit\u00e9 solaire maximale Un certain nombre de probl\u00e8mes peuvent avoir un impact sur l\u2019efficacit\u00e9 et le rendement des modules solaires, notamment la salet\u00e9, les diodes ou les cellules d\u00e9fectueuses et autres dommages plus importants sur l\u2019ensemble du &hellip; <a href=\"https:\/\/govisions.fr\/?page_id=35\">Continuer la lecture <span class=\"meta-nav\">&rarr;<\/span><\/a><\/p>\n","protected":false},"author":1,"featured_media":0,"parent":0,"menu_order":0,"comment_status":"closed","ping_status":"closed","template":"","meta":{"footnotes":""},"class_list":["post-35","page","type-page","status-publish","hentry"],"_links":{"self":[{"href":"https:\/\/govisions.fr\/index.php?rest_route=\/wp\/v2\/pages\/35","targetHints":{"allow":["GET"]}}],"collection":[{"href":"https:\/\/govisions.fr\/index.php?rest_route=\/wp\/v2\/pages"}],"about":[{"href":"https:\/\/govisions.fr\/index.php?rest_route=\/wp\/v2\/types\/page"}],"author":[{"embeddable":true,"href":"https:\/\/govisions.fr\/index.php?rest_route=\/wp\/v2\/users\/1"}],"replies":[{"embeddable":true,"href":"https:\/\/govisions.fr\/index.php?rest_route=%2Fwp%2Fv2%2Fcomments&post=35"}],"version-history":[{"count":4,"href":"https:\/\/govisions.fr\/index.php?rest_route=\/wp\/v2\/pages\/35\/revisions"}],"predecessor-version":[{"id":264,"href":"https:\/\/govisions.fr\/index.php?rest_route=\/wp\/v2\/pages\/35\/revisions\/264"}],"wp:attachment":[{"href":"https:\/\/govisions.fr\/index.php?rest_route=%2Fwp%2Fv2%2Fmedia&parent=35"}],"curies":[{"name":"wp","href":"https:\/\/api.w.org\/{rel}","templated":true}]}}