{"id":29,"date":"2025-02-04T14:27:12","date_gmt":"2025-02-04T13:27:12","guid":{"rendered":"https:\/\/govisions.fr\/?page_id=29"},"modified":"2025-02-04T15:40:36","modified_gmt":"2025-02-04T14:40:36","slug":"inspections-2","status":"publish","type":"page","link":"https:\/\/govisions.fr\/?page_id=29","title":{"rendered":"Inspections"},"content":{"rendered":"\n<p class=\"has-blue-color has-text-color has-link-color wp-elements-b3d92be388775ae3ac14575dfe073b7c\"><strong>POURQUOI LE DRONE<\/strong><\/p>\n\n\n\n<p>Un travail de qualit\u00e9, sous tous les angles. Capable d\u2019aller l\u00e0 o\u00f9 il serait \u00e0 la fois difficile et dangereux pour l\u2019homme de se rendre, le drone rend de grands services. L\u2019inspection par drone est pr\u00e9conis\u00e9e pour l\u2019exploration de zones difficiles d\u2019acc\u00e8s.<\/p>\n\n\n\n<p>La mise en \u0153uvre est rapide L&rsquo;utilisation du drone vous donne un&nbsp;<strong>meilleur point de vue&nbsp;<\/strong>de l&rsquo;\u00e9tat de votre b\u00e2timent. De plus, l&rsquo;inspection par un drone est&nbsp;<strong>s\u00e9curis\u00e9e<\/strong>,&nbsp;<strong>rapide<\/strong>&nbsp;et surtout&nbsp;<strong>\u00e9conomique<\/strong>&nbsp;<\/p>\n\n\n\n<p><strong>S\u00e9curis\u00e9,<\/strong> \u00e9liminer le risque de chute de vos agents, pas besoin de monter ni de se d\u00e9placer sur les infrastructures, et \u00e9viter d&rsquo;endommager les composants de la structure (ardoises, tuiles, supports, chenaux, etc) \u2026 et de provoquer une d\u00e9t\u00e9rioration suppl\u00e9mentaire.<\/p>\n\n\n\n<p><strong>Rapide,<\/strong> l\u2019installation d\u2019un \u00e9quipement professionnel de drone n\u00e9cessite quelques minutes, avec une s\u00e9curisation du p\u00e9rim\u00e8tre d\u2019intervention.&nbsp; En quelques instants un Agent technique peut disposer d\u2019une premi\u00e8re vision de la situation de l\u2019infrastructure \u00e9tudi\u00e9e, en compl\u00e9tant son \u00e9tude par des prises de vue sp\u00e9cifiques et d\u00e9taill\u00e9es<\/p>\n\n\n\n<p><strong>\u00c9conomique,<\/strong> les drones \u00e9vitent des installations co\u00fbteuses, comme des nacelles ou des \u00e9chafaudages, et permettent d\u2019acc\u00e9der \u00e0 des parties cach\u00e9es ou difficiles d&rsquo;acc\u00e8s, comme les clochers d&rsquo;\u00e9glise ou les toits d&rsquo;un b\u00e2timent \u00e9lev\u00e9.<\/p>\n\n\n\n<p><strong>Pr\u00e9cision, <\/strong>les drones permettent une vision tr\u00e8s pr\u00e9cise des infrastructures (toiture, chemin\u00e9e, fa\u00e7ade\u2026), permettant de zoomer sur des points tr\u00e8s particuliers (infiltration, rouille, ardoises cass\u00e9es, fissures, affaissement\u2026)<\/p>\n\n\n\n<p><strong>Documentation<\/strong>, un rapport complet permet de disposer de tous les \u00e9l\u00e9ments et les preuves des alt\u00e9rations ou des d\u00e9g\u00e2ts et ainsi de partager ces documents avec des tiers (assurances, artisans, instances du Patrimoine, etc).<\/p>\n\n\n\n<p><strong>Maintenance pr\u00e9ventive, <\/strong>En effet,&nbsp;\u00e9tablir un diagnostic pr\u00e9cis&nbsp;permet de d\u00e9tecter des probl\u00e8mes tels que les infiltrations d\u2019eau, les d\u00e9g\u00e2ts structurels dus aux intemp\u00e9ries, et les d\u00e9faillances qui pourraient entra\u00eener des co\u00fbts de r\u00e9paration \u00e9lev\u00e9s.<strong><\/strong><\/p>\n","protected":false},"excerpt":{"rendered":"<p>POURQUOI LE DRONE Un travail de qualit\u00e9, sous tous les angles. Capable d\u2019aller l\u00e0 o\u00f9 il serait \u00e0 la fois difficile et dangereux pour l\u2019homme de se rendre, le drone rend de grands services. L\u2019inspection par drone est pr\u00e9conis\u00e9e pour &hellip; <a href=\"https:\/\/govisions.fr\/?page_id=29\">Continuer la lecture <span class=\"meta-nav\">&rarr;<\/span><\/a><\/p>\n","protected":false},"author":1,"featured_media":0,"parent":0,"menu_order":0,"comment_status":"closed","ping_status":"closed","template":"","meta":{"footnotes":""},"class_list":["post-29","page","type-page","status-publish","hentry"],"_links":{"self":[{"href":"https:\/\/govisions.fr\/index.php?rest_route=\/wp\/v2\/pages\/29","targetHints":{"allow":["GET"]}}],"collection":[{"href":"https:\/\/govisions.fr\/index.php?rest_route=\/wp\/v2\/pages"}],"about":[{"href":"https:\/\/govisions.fr\/index.php?rest_route=\/wp\/v2\/types\/page"}],"author":[{"embeddable":true,"href":"https:\/\/govisions.fr\/index.php?rest_route=\/wp\/v2\/users\/1"}],"replies":[{"embeddable":true,"href":"https:\/\/govisions.fr\/index.php?rest_route=%2Fwp%2Fv2%2Fcomments&post=29"}],"version-history":[{"count":2,"href":"https:\/\/govisions.fr\/index.php?rest_route=\/wp\/v2\/pages\/29\/revisions"}],"predecessor-version":[{"id":84,"href":"https:\/\/govisions.fr\/index.php?rest_route=\/wp\/v2\/pages\/29\/revisions\/84"}],"wp:attachment":[{"href":"https:\/\/govisions.fr\/index.php?rest_route=%2Fwp%2Fv2%2Fmedia&parent=29"}],"curies":[{"name":"wp","href":"https:\/\/api.w.org\/{rel}","templated":true}]}}