{"id":27,"date":"2025-02-04T14:26:24","date_gmt":"2025-02-04T13:26:24","guid":{"rendered":"https:\/\/govisions.fr\/?page_id=27"},"modified":"2025-09-11T17:13:42","modified_gmt":"2025-09-11T15:13:42","slug":"inspections-de-chantiers","status":"publish","type":"page","link":"https:\/\/govisions.fr\/?page_id=27","title":{"rendered":"Inspections de chantiers"},"content":{"rendered":"\n<h3 class=\"wp-block-heading\"><a>Pourquoi suivre un chantier par drone ?<\/a><\/h3>\n\n\n\n<p>Il y a plusieurs raisons pour lesquelles il peut \u00eatre int\u00e9ressant de suivre un chantier \u00e0 l\u2019aide d\u2019un drone :<\/p>\n\n\n\n<p>Pour&nbsp;<strong>surveiller l\u2019avancement du chantier<\/strong>&nbsp;: en acqu\u00e9rant r\u00e9guli\u00e8rement des images a\u00e9riennes du chantier, il est possible de suivre l\u2019avancement des travaux et de v\u00e9rifier que tout se d\u00e9roule conform\u00e9ment au planning pr\u00e9vu.<\/p>\n\n\n\n<p>Pour&nbsp;<strong>documenter le chantier<\/strong>&nbsp;: en acqu\u00e9rant des images a\u00e9riennes du chantier, il est possible de documenter l\u2019avancement des travaux et de cr\u00e9er un dossier de suivi complet.<\/p>\n\n\n\n<p>Pour&nbsp;<strong>\u00e9valuer les risques et la s\u00e9curit\u00e9 du chantier<\/strong>&nbsp;: en acqu\u00e9rant des images a\u00e9riennes du chantier, il est possible de v\u00e9rifier que les conditions de s\u00e9curit\u00e9 sont respect\u00e9es et de d\u00e9tecter d\u2019\u00e9ventuels risques pour les travailleurs ou les tiers.<\/p>\n\n\n\n<p>Pour&nbsp;<strong>communiquer sur le chantier<\/strong>&nbsp;: en utilisant les images a\u00e9riennes du chantier, il est possible de cr\u00e9er des visuels attrayants pour communiquer sur l\u2019avancement des travaux et pour pr\u00e9senter le projet aux diff\u00e9rents acteurs concern\u00e9s.<\/p>\n\n\n\n<p>Il est important de respecter les r\u00e8glementations en vigueur lorsque l\u2019on utilise un drone pour suivre un chantier<\/p>\n\n\n\n<figure class=\"wp-block-gallery has-nested-images columns-default is-cropped wp-block-gallery-1 is-layout-flex wp-block-gallery-is-layout-flex\">\n<figure class=\"wp-block-image size-large\"><img loading=\"lazy\" decoding=\"async\" width=\"715\" height=\"712\" data-id=\"276\" src=\"https:\/\/govisions.fr\/wp-content\/uploads\/2025\/09\/Zoom-antenne-2.png\" alt=\"\" class=\"wp-image-276\" srcset=\"https:\/\/govisions.fr\/wp-content\/uploads\/2025\/09\/Zoom-antenne-2.png 715w, https:\/\/govisions.fr\/wp-content\/uploads\/2025\/09\/Zoom-antenne-2-300x300.png 300w, https:\/\/govisions.fr\/wp-content\/uploads\/2025\/09\/Zoom-antenne-2-150x150.png 150w\" sizes=\"auto, (max-width: 715px) 100vw, 715px\" \/><\/figure>\n\n\n\n<figure class=\"wp-block-image size-large\"><img loading=\"lazy\" decoding=\"async\" width=\"844\" height=\"700\" data-id=\"277\" src=\"https:\/\/govisions.fr\/wp-content\/uploads\/2025\/09\/Zoom-antenne-3.png\" alt=\"\" class=\"wp-image-277\" srcset=\"https:\/\/govisions.fr\/wp-content\/uploads\/2025\/09\/Zoom-antenne-3.png 844w, https:\/\/govisions.fr\/wp-content\/uploads\/2025\/09\/Zoom-antenne-3-300x249.png 300w, https:\/\/govisions.fr\/wp-content\/uploads\/2025\/09\/Zoom-antenne-3-768x637.png 768w\" sizes=\"auto, (max-width: 844px) 100vw, 844px\" \/><\/figure>\n\n\n\n<figure class=\"wp-block-image size-large\"><img loading=\"lazy\" decoding=\"async\" width=\"825\" height=\"739\" data-id=\"275\" src=\"https:\/\/govisions.fr\/wp-content\/uploads\/2025\/09\/Zoom-antenne.png\" alt=\"\" class=\"wp-image-275\" srcset=\"https:\/\/govisions.fr\/wp-content\/uploads\/2025\/09\/Zoom-antenne.png 825w, https:\/\/govisions.fr\/wp-content\/uploads\/2025\/09\/Zoom-antenne-300x269.png 300w, https:\/\/govisions.fr\/wp-content\/uploads\/2025\/09\/Zoom-antenne-768x688.png 768w\" sizes=\"auto, (max-width: 825px) 100vw, 825px\" \/><\/figure>\n\n\n\n<figure class=\"wp-block-image size-large\"><img loading=\"lazy\" decoding=\"async\" width=\"622\" height=\"841\" data-id=\"282\" src=\"https:\/\/govisions.fr\/wp-content\/uploads\/2025\/09\/Zoom-antenne-4.png\" alt=\"\" class=\"wp-image-282\" srcset=\"https:\/\/govisions.fr\/wp-content\/uploads\/2025\/09\/Zoom-antenne-4.png 622w, https:\/\/govisions.fr\/wp-content\/uploads\/2025\/09\/Zoom-antenne-4-222x300.png 222w\" sizes=\"auto, (max-width: 622px) 100vw, 622px\" \/><\/figure>\n<\/figure>\n\n\n\n<p>Inspection d&rsquo;antenne t\u00e9l\u00e9phonie mobile<\/p>\n\n\n\n<figure class=\"wp-block-gallery has-nested-images columns-default is-cropped wp-block-gallery-2 is-layout-flex wp-block-gallery-is-layout-flex\">\n<figure class=\"wp-block-image size-large\"><img loading=\"lazy\" decoding=\"async\" width=\"364\" height=\"483\" data-id=\"288\" src=\"https:\/\/govisions.fr\/wp-content\/uploads\/2025\/09\/Ligne-moyenne-tension-1.png\" alt=\"\" class=\"wp-image-288\" srcset=\"https:\/\/govisions.fr\/wp-content\/uploads\/2025\/09\/Ligne-moyenne-tension-1.png 364w, https:\/\/govisions.fr\/wp-content\/uploads\/2025\/09\/Ligne-moyenne-tension-1-226x300.png 226w\" sizes=\"auto, (max-width: 364px) 100vw, 364px\" \/><\/figure>\n\n\n\n<figure class=\"wp-block-image size-large\"><img loading=\"lazy\" decoding=\"async\" width=\"445\" height=\"634\" data-id=\"287\" src=\"https:\/\/govisions.fr\/wp-content\/uploads\/2025\/09\/Ligne-moyenne-tension-2.png\" alt=\"\" class=\"wp-image-287\" srcset=\"https:\/\/govisions.fr\/wp-content\/uploads\/2025\/09\/Ligne-moyenne-tension-2.png 445w, https:\/\/govisions.fr\/wp-content\/uploads\/2025\/09\/Ligne-moyenne-tension-2-211x300.png 211w\" sizes=\"auto, (max-width: 445px) 100vw, 445px\" \/><\/figure>\n\n\n\n<figure class=\"wp-block-image size-large\"><img loading=\"lazy\" decoding=\"async\" width=\"601\" height=\"651\" data-id=\"290\" src=\"https:\/\/govisions.fr\/wp-content\/uploads\/2025\/09\/Ligne-moyenne-tension-3.png\" alt=\"\" class=\"wp-image-290\" srcset=\"https:\/\/govisions.fr\/wp-content\/uploads\/2025\/09\/Ligne-moyenne-tension-3.png 601w, https:\/\/govisions.fr\/wp-content\/uploads\/2025\/09\/Ligne-moyenne-tension-3-277x300.png 277w\" sizes=\"auto, (max-width: 601px) 100vw, 601px\" \/><\/figure>\n\n\n\n<figure class=\"wp-block-image size-large\"><img loading=\"lazy\" decoding=\"async\" width=\"364\" height=\"700\" data-id=\"289\" src=\"https:\/\/govisions.fr\/wp-content\/uploads\/2025\/09\/Ligne-moyenne-tension-4-1.png\" alt=\"\" class=\"wp-image-289\" srcset=\"https:\/\/govisions.fr\/wp-content\/uploads\/2025\/09\/Ligne-moyenne-tension-4-1.png 364w, https:\/\/govisions.fr\/wp-content\/uploads\/2025\/09\/Ligne-moyenne-tension-4-1-156x300.png 156w\" sizes=\"auto, (max-width: 364px) 100vw, 364px\" \/><\/figure>\n<\/figure>\n\n\n\n<p>Inspection lignes \u00e9lectriques<\/p>\n","protected":false},"excerpt":{"rendered":"<p>Pourquoi suivre un chantier par drone ? Il y a plusieurs raisons pour lesquelles il peut \u00eatre int\u00e9ressant de suivre un chantier \u00e0 l\u2019aide d\u2019un drone : Pour&nbsp;surveiller l\u2019avancement du chantier&nbsp;: en acqu\u00e9rant r\u00e9guli\u00e8rement des images a\u00e9riennes du chantier, il &hellip; <a href=\"https:\/\/govisions.fr\/?page_id=27\">Continuer la lecture <span class=\"meta-nav\">&rarr;<\/span><\/a><\/p>\n","protected":false},"author":1,"featured_media":0,"parent":0,"menu_order":0,"comment_status":"closed","ping_status":"closed","template":"","meta":{"footnotes":""},"class_list":["post-27","page","type-page","status-publish","hentry"],"_links":{"self":[{"href":"https:\/\/govisions.fr\/index.php?rest_route=\/wp\/v2\/pages\/27","targetHints":{"allow":["GET"]}}],"collection":[{"href":"https:\/\/govisions.fr\/index.php?rest_route=\/wp\/v2\/pages"}],"about":[{"href":"https:\/\/govisions.fr\/index.php?rest_route=\/wp\/v2\/types\/page"}],"author":[{"embeddable":true,"href":"https:\/\/govisions.fr\/index.php?rest_route=\/wp\/v2\/users\/1"}],"replies":[{"embeddable":true,"href":"https:\/\/govisions.fr\/index.php?rest_route=%2Fwp%2Fv2%2Fcomments&post=27"}],"version-history":[{"count":8,"href":"https:\/\/govisions.fr\/index.php?rest_route=\/wp\/v2\/pages\/27\/revisions"}],"predecessor-version":[{"id":291,"href":"https:\/\/govisions.fr\/index.php?rest_route=\/wp\/v2\/pages\/27\/revisions\/291"}],"wp:attachment":[{"href":"https:\/\/govisions.fr\/index.php?rest_route=%2Fwp%2Fv2%2Fmedia&parent=27"}],"curies":[{"name":"wp","href":"https:\/\/api.w.org\/{rel}","templated":true}]}}