{"id":200,"date":"2025-03-24T15:48:09","date_gmt":"2025-03-24T14:48:09","guid":{"rendered":"https:\/\/govisions.fr\/?page_id=200"},"modified":"2025-03-24T16:55:25","modified_gmt":"2025-03-24T15:55:25","slug":"200-2","status":"publish","type":"page","link":"https:\/\/govisions.fr\/?page_id=200","title":{"rendered":"Offre de services Etablissements de sant\u00e9 Avril 2025"},"content":{"rendered":"\n<p class=\"has-text-color has-link-color has-medium-font-size wp-elements-3494e997644b40a99d0cb4b5dee62408\" style=\"color:#fb0458\"><strong><strong>Op\u00e9ration Etablissements de sant\u00e9: inspection de b\u00e2timents<\/strong><\/strong><\/p>\n\n\n\n<figure class=\"wp-block-gallery has-nested-images columns-default is-cropped wp-block-gallery-1 is-layout-flex wp-block-gallery-is-layout-flex\">\n<figure class=\"wp-block-image size-large\"><img loading=\"lazy\" decoding=\"async\" width=\"634\" height=\"401\" data-id=\"209\" src=\"https:\/\/govisions.fr\/wp-content\/uploads\/2025\/03\/hopital-3.png\" alt=\"\" class=\"wp-image-209\" srcset=\"https:\/\/govisions.fr\/wp-content\/uploads\/2025\/03\/hopital-3.png 634w, https:\/\/govisions.fr\/wp-content\/uploads\/2025\/03\/hopital-3-300x190.png 300w\" sizes=\"auto, (max-width: 634px) 100vw, 634px\" \/><\/figure>\n\n\n\n<figure class=\"wp-block-image size-large\"><img loading=\"lazy\" decoding=\"async\" width=\"268\" height=\"115\" data-id=\"211\" src=\"https:\/\/govisions.fr\/wp-content\/uploads\/2025\/03\/drone-industriel.png\" alt=\"\" class=\"wp-image-211\"\/><\/figure>\n\n\n\n<figure class=\"wp-block-image size-large\"><img loading=\"lazy\" decoding=\"async\" width=\"545\" height=\"297\" data-id=\"210\" src=\"https:\/\/govisions.fr\/wp-content\/uploads\/2025\/03\/hopital-4.png\" alt=\"\" class=\"wp-image-210\" srcset=\"https:\/\/govisions.fr\/wp-content\/uploads\/2025\/03\/hopital-4.png 545w, https:\/\/govisions.fr\/wp-content\/uploads\/2025\/03\/hopital-4-300x163.png 300w\" sizes=\"auto, (max-width: 545px) 100vw, 545px\" \/><\/figure>\n<\/figure>\n\n\n\n<p class=\"has-blue-color has-text-color has-link-color wp-elements-34ab57df02a7dd4daa0bd04004f851a3\">Avec le vent, un couvrant peut tomber du toit d&rsquo;une unit\u00e9 de soins et blesse un patient ou un agent, ou simplement \u00eatre d\u00e9placer et engendrer une infiltration d\u2019eau \u2026<\/p>\n\n\n\n<p class=\"has-blue-color has-text-color has-link-color wp-elements-62cd75abd8643c0cf0cf0d50f4fc19fa\">Autant de risques que vous pouvez appr\u00e9hender avec une inspection r\u00e9guli\u00e8re de vos b\u00e2timents.<\/p>\n\n\n\n<p class=\"has-blue-color has-text-color has-link-color wp-elements-dfd0a1f8b01a3b8087131709db86413c\">Mais c\u2019est un chantier important que mobilise des ressources \u2026 sauf si vous utilisez un drone&nbsp;:<\/p>\n\n\n\n<div class=\"wp-block-group\"><div class=\"wp-block-group__inner-container is-layout-constrained wp-block-group-is-layout-constrained\">\n<p class=\"has-text-align-left has-blue-color has-text-color has-link-color wp-elements-2e0ddf02ee84bdd4eee9caebe581ac80\"><strong>Pr\u00e9cision&nbsp;: <\/strong>recherchez rapidement le point de d\u00e9tail, et disposez d\u2019un diagnostic complet<\/p>\n\n\n\n<p class=\"has-text-align-left has-blue-color has-text-color has-link-color wp-elements-1166ba092697120f116a1d1b7eb84568\"><strong>Temps&nbsp;:<\/strong> rapide \u00e0 mettre en \u0153uvre, sans mobilisation d\u2019engins sp\u00e9cifiques<\/p>\n\n\n\n<p class=\"has-text-align-left has-blue-color has-text-color has-link-color wp-elements-2ba2eb98367b08e9f0ee6091b318b56b\"><strong>S\u00e9curit\u00e9&nbsp;:<\/strong> pas de risques pour vos agents ou pour vos infrastructures<\/p>\n\n\n\n<p class=\"has-text-align-left has-blue-color has-text-color has-link-color wp-elements-1b4ffedcbdcb376fdfe0c53b1b603fb4\"><strong>Budget&nbsp;:<\/strong> un co\u00fbt d\u2019intervention sans commune mesure avec un chantier d\u2019inspection classique<\/p>\n<\/div><\/div>\n\n\n\n<p><\/p>\n\n\n\n<p class=\"has-text-align-center has-white-background-color has-text-color has-background has-link-color has-medium-font-size wp-elements-0a617cf31ecb39e1cfea25a7da0d3d92\" style=\"color:#f90404\"><strong>L&rsquo;offre GOVISIONS pour les centres de sant\u00e9 = 395 euros ht par b\u00e2timent<\/strong>*<\/p>\n\n\n\n<ul class=\"wp-block-list\">\n<li class=\"has-small-font-size\">validit\u00e9 de l&rsquo;offre 31 mai 2025 &#8211; sous r\u00e9serve d&rsquo;un devis de GOVISIONS<\/li>\n<\/ul>\n\n\n\n<p class=\"has-text-align-center has-text-color has-link-color has-medium-font-size wp-elements-15b4bccf3b616cf3f053638cb21bb965\" style=\"color:#fd0404\">Contactez nous: <a href=\"mailto:gorcel@govisions.fr\">gorcel@govisions.fr<\/a><\/p>\n","protected":false},"excerpt":{"rendered":"<p>Op\u00e9ration Etablissements de sant\u00e9: inspection de b\u00e2timents Avec le vent, un couvrant peut tomber du toit d&rsquo;une unit\u00e9 de soins et blesse un patient ou un agent, ou simplement \u00eatre d\u00e9placer et engendrer une infiltration d\u2019eau \u2026 Autant de risques &hellip; <a href=\"https:\/\/govisions.fr\/?page_id=200\">Continuer la lecture <span class=\"meta-nav\">&rarr;<\/span><\/a><\/p>\n","protected":false},"author":1,"featured_media":0,"parent":0,"menu_order":0,"comment_status":"closed","ping_status":"closed","template":"","meta":{"footnotes":""},"class_list":["post-200","page","type-page","status-publish","hentry"],"_links":{"self":[{"href":"https:\/\/govisions.fr\/index.php?rest_route=\/wp\/v2\/pages\/200","targetHints":{"allow":["GET"]}}],"collection":[{"href":"https:\/\/govisions.fr\/index.php?rest_route=\/wp\/v2\/pages"}],"about":[{"href":"https:\/\/govisions.fr\/index.php?rest_route=\/wp\/v2\/types\/page"}],"author":[{"embeddable":true,"href":"https:\/\/govisions.fr\/index.php?rest_route=\/wp\/v2\/users\/1"}],"replies":[{"embeddable":true,"href":"https:\/\/govisions.fr\/index.php?rest_route=%2Fwp%2Fv2%2Fcomments&post=200"}],"version-history":[{"count":8,"href":"https:\/\/govisions.fr\/index.php?rest_route=\/wp\/v2\/pages\/200\/revisions"}],"predecessor-version":[{"id":230,"href":"https:\/\/govisions.fr\/index.php?rest_route=\/wp\/v2\/pages\/200\/revisions\/230"}],"wp:attachment":[{"href":"https:\/\/govisions.fr\/index.php?rest_route=%2Fwp%2Fv2%2Fmedia&parent=200"}],"curies":[{"name":"wp","href":"https:\/\/api.w.org\/{rel}","templated":true}]}}