{"id":197,"date":"2025-03-24T15:38:41","date_gmt":"2025-03-24T14:38:41","guid":{"rendered":"https:\/\/govisions.fr\/?page_id=197"},"modified":"2025-06-13T15:48:03","modified_gmt":"2025-06-13T13:48:03","slug":"offre-de-services-mairies-avril-2025","status":"publish","type":"page","link":"https:\/\/govisions.fr\/?page_id=197","title":{"rendered":"Offre de services Mairies Printemps 2025"},"content":{"rendered":"\n<p class=\"has-text-color has-link-color has-medium-font-size wp-elements-526065ac5b6a4ee6f0a5ec65498b7a8a\" style=\"color:#fb0458\"><strong><strong>Op\u00e9ration Mairie: inspection de b\u00e2timents<\/strong><\/strong><\/p>\n\n\n\n<figure class=\"wp-block-gallery has-nested-images columns-default is-cropped wp-block-gallery-1 is-layout-flex wp-block-gallery-is-layout-flex\">\n<figure class=\"wp-block-image size-large\"><img loading=\"lazy\" decoding=\"async\" width=\"580\" height=\"607\" data-id=\"141\" src=\"https:\/\/govisions.fr\/wp-content\/uploads\/2025\/02\/Inspection-Maision-1.png\" alt=\"\" class=\"wp-image-141\" srcset=\"https:\/\/govisions.fr\/wp-content\/uploads\/2025\/02\/Inspection-Maision-1.png 580w, https:\/\/govisions.fr\/wp-content\/uploads\/2025\/02\/Inspection-Maision-1-287x300.png 287w\" sizes=\"auto, (max-width: 580px) 100vw, 580px\" \/><\/figure>\n\n\n\n<figure class=\"wp-block-image size-large\"><img loading=\"lazy\" decoding=\"async\" width=\"739\" height=\"492\" data-id=\"186\" src=\"https:\/\/govisions.fr\/wp-content\/uploads\/2025\/03\/eglise-du-Fay.png\" alt=\"\" class=\"wp-image-186\" srcset=\"https:\/\/govisions.fr\/wp-content\/uploads\/2025\/03\/eglise-du-Fay.png 739w, https:\/\/govisions.fr\/wp-content\/uploads\/2025\/03\/eglise-du-Fay-300x200.png 300w\" sizes=\"auto, (max-width: 739px) 100vw, 739px\" \/><\/figure>\n\n\n\n<figure class=\"wp-block-image size-large\"><img loading=\"lazy\" decoding=\"async\" width=\"1024\" height=\"813\" data-id=\"127\" src=\"https:\/\/govisions.fr\/wp-content\/uploads\/2025\/02\/Tuille-cassee-infiltration-png-1024x813.png\" alt=\"\" class=\"wp-image-127\" srcset=\"https:\/\/govisions.fr\/wp-content\/uploads\/2025\/02\/Tuille-cassee-infiltration-png-1024x813.png 1024w, https:\/\/govisions.fr\/wp-content\/uploads\/2025\/02\/Tuille-cassee-infiltration-png-300x238.png 300w, https:\/\/govisions.fr\/wp-content\/uploads\/2025\/02\/Tuille-cassee-infiltration-png-768x609.png 768w, https:\/\/govisions.fr\/wp-content\/uploads\/2025\/02\/Tuille-cassee-infiltration-png.png 1274w\" sizes=\"auto, (max-width: 1024px) 100vw, 1024px\" \/><\/figure>\n<\/figure>\n\n\n\n<p class=\"has-blue-color has-text-color has-link-color wp-elements-5accfcd10a8143ae26af16d0e3df5697\">Une tuile peut tomber du toit de l\u2019\u00e9cole et blesse un enfant, ou simplement \u00eatre d\u00e9placer par le vent et engendre une infiltration d\u2019eau \u2026<\/p>\n\n\n\n<p class=\"has-blue-color has-text-color has-link-color wp-elements-62cd75abd8643c0cf0cf0d50f4fc19fa\">Autant de risques que vous pouvez appr\u00e9hender avec une inspection r\u00e9guli\u00e8re de vos b\u00e2timents.<\/p>\n\n\n\n<p class=\"has-blue-color has-text-color has-link-color wp-elements-dfd0a1f8b01a3b8087131709db86413c\">Mais c\u2019est un chantier important que mobilise des ressources \u2026 sauf si vous utilisez un drone&nbsp;:<\/p>\n\n\n\n<div class=\"wp-block-group\"><div class=\"wp-block-group__inner-container is-layout-constrained wp-block-group-is-layout-constrained\">\n<p class=\"has-text-align-left has-blue-color has-text-color has-link-color wp-elements-2e0ddf02ee84bdd4eee9caebe581ac80\"><strong>Pr\u00e9cision&nbsp;: <\/strong>recherchez rapidement le point de d\u00e9tail, et disposez d\u2019un diagnostic complet<\/p>\n\n\n\n<p class=\"has-text-align-left has-blue-color has-text-color has-link-color wp-elements-1166ba092697120f116a1d1b7eb84568\"><strong>Temps&nbsp;:<\/strong> rapide \u00e0 mettre en \u0153uvre, sans mobilisation d\u2019engins sp\u00e9cifiques<\/p>\n\n\n\n<p class=\"has-text-align-left has-blue-color has-text-color has-link-color wp-elements-2ba2eb98367b08e9f0ee6091b318b56b\"><strong>S\u00e9curit\u00e9&nbsp;:<\/strong> pas de risques pour vos agents ou pour vos infrastructures<\/p>\n\n\n\n<p class=\"has-text-align-left has-blue-color has-text-color has-link-color wp-elements-1b4ffedcbdcb376fdfe0c53b1b603fb4\"><strong>Budget&nbsp;:<\/strong> un co\u00fbt d\u2019intervention sans commune mesure avec un chantier d\u2019inspection classique<\/p>\n<\/div><\/div>\n\n\n\n<p><\/p>\n\n\n\n<p class=\"has-text-align-center has-white-background-color has-text-color has-background has-link-color has-medium-font-size wp-elements-a3f367a1faae81403f39ded3a80f02b4\" style=\"color:#f90404\"><strong>L&rsquo;offre GOVISIONS pour les mairies = 245 euros ht par b\u00e2timent<\/strong>*<\/p>\n\n\n\n<ul class=\"wp-block-list\">\n<li class=\"has-small-font-size\">validit\u00e9 de l&rsquo;offre 30 juin 2025 &#8211; sous r\u00e9serve d&rsquo;un devis de GOVISIONS<\/li>\n<\/ul>\n\n\n\n<p class=\"has-text-align-center has-text-color has-link-color has-medium-font-size wp-elements-15b4bccf3b616cf3f053638cb21bb965\" style=\"color:#fd0404\">Contactez nous: <a href=\"mailto:gorcel@govisions.fr\">gorcel@govisions.fr<\/a><\/p>\n","protected":false},"excerpt":{"rendered":"<p>Op\u00e9ration Mairie: inspection de b\u00e2timents Une tuile peut tomber du toit de l\u2019\u00e9cole et blesse un enfant, ou simplement \u00eatre d\u00e9placer par le vent et engendre une infiltration d\u2019eau \u2026 Autant de risques que vous pouvez appr\u00e9hender avec une inspection &hellip; <a href=\"https:\/\/govisions.fr\/?page_id=197\">Continuer la lecture <span class=\"meta-nav\">&rarr;<\/span><\/a><\/p>\n","protected":false},"author":1,"featured_media":0,"parent":0,"menu_order":0,"comment_status":"closed","ping_status":"closed","template":"","meta":{"footnotes":""},"class_list":["post-197","page","type-page","status-publish","hentry"],"_links":{"self":[{"href":"https:\/\/govisions.fr\/index.php?rest_route=\/wp\/v2\/pages\/197","targetHints":{"allow":["GET"]}}],"collection":[{"href":"https:\/\/govisions.fr\/index.php?rest_route=\/wp\/v2\/pages"}],"about":[{"href":"https:\/\/govisions.fr\/index.php?rest_route=\/wp\/v2\/types\/page"}],"author":[{"embeddable":true,"href":"https:\/\/govisions.fr\/index.php?rest_route=\/wp\/v2\/users\/1"}],"replies":[{"embeddable":true,"href":"https:\/\/govisions.fr\/index.php?rest_route=%2Fwp%2Fv2%2Fcomments&post=197"}],"version-history":[{"count":3,"href":"https:\/\/govisions.fr\/index.php?rest_route=\/wp\/v2\/pages\/197\/revisions"}],"predecessor-version":[{"id":255,"href":"https:\/\/govisions.fr\/index.php?rest_route=\/wp\/v2\/pages\/197\/revisions\/255"}],"wp:attachment":[{"href":"https:\/\/govisions.fr\/index.php?rest_route=%2Fwp%2Fv2%2Fmedia&parent=197"}],"curies":[{"name":"wp","href":"https:\/\/api.w.org\/{rel}","templated":true}]}}