{"id":16,"date":"2025-02-04T14:16:18","date_gmt":"2025-02-04T13:16:18","guid":{"rendered":"https:\/\/govisions.fr\/?page_id=16"},"modified":"2025-02-04T14:28:15","modified_gmt":"2025-02-04T13:28:15","slug":"thermographie","status":"publish","type":"page","link":"https:\/\/govisions.fr\/?page_id=16","title":{"rendered":"Thermographie"},"content":{"rendered":"\n<p>Tous les objets, les surfaces, les \u00eatres vivants \u00e9mettent de la chaleur, soit en restituant celle emmagasin\u00e9e, soit en la produisant. Cette chaleur \u00e9met une \u00ab\u00a0lumi\u00e8re\u00a0\u00bb qui est situ\u00e9e dans la partie infra rouge du spectre lumineux.<\/p>\n\n\n\n<p>Les capteurs thermiques et par extension les cam\u00e9ras thermiques, analysent cette lumi\u00e8re et la transforme en une image appel\u00e9e thermographe. Cette image permet de visualiser et mesurer les diff\u00e9rences de temp\u00e9ratures entre deux points ou deux zones et ainsi diagnostiquer un d\u00e9faut (d\u00e9perdition de chaleur, humidit\u00e9&#8230;) ou de d\u00e9tecter une pr\u00e9sence (un faon ou une personne par exemple).<\/p>\n","protected":false},"excerpt":{"rendered":"<p>Tous les objets, les surfaces, les \u00eatres vivants \u00e9mettent de la chaleur, soit en restituant celle emmagasin\u00e9e, soit en la produisant. Cette chaleur \u00e9met une \u00ab\u00a0lumi\u00e8re\u00a0\u00bb qui est situ\u00e9e dans la partie infra rouge du spectre lumineux. Les capteurs thermiques &hellip; <a href=\"https:\/\/govisions.fr\/?page_id=16\">Continuer la lecture <span class=\"meta-nav\">&rarr;<\/span><\/a><\/p>\n","protected":false},"author":1,"featured_media":0,"parent":0,"menu_order":0,"comment_status":"closed","ping_status":"closed","template":"","meta":{"footnotes":""},"class_list":["post-16","page","type-page","status-publish","hentry"],"_links":{"self":[{"href":"https:\/\/govisions.fr\/index.php?rest_route=\/wp\/v2\/pages\/16","targetHints":{"allow":["GET"]}}],"collection":[{"href":"https:\/\/govisions.fr\/index.php?rest_route=\/wp\/v2\/pages"}],"about":[{"href":"https:\/\/govisions.fr\/index.php?rest_route=\/wp\/v2\/types\/page"}],"author":[{"embeddable":true,"href":"https:\/\/govisions.fr\/index.php?rest_route=\/wp\/v2\/users\/1"}],"replies":[{"embeddable":true,"href":"https:\/\/govisions.fr\/index.php?rest_route=%2Fwp%2Fv2%2Fcomments&post=16"}],"version-history":[{"count":2,"href":"https:\/\/govisions.fr\/index.php?rest_route=\/wp\/v2\/pages\/16\/revisions"}],"predecessor-version":[{"id":32,"href":"https:\/\/govisions.fr\/index.php?rest_route=\/wp\/v2\/pages\/16\/revisions\/32"}],"wp:attachment":[{"href":"https:\/\/govisions.fr\/index.php?rest_route=%2Fwp%2Fv2%2Fmedia&parent=16"}],"curies":[{"name":"wp","href":"https:\/\/api.w.org\/{rel}","templated":true}]}}