{"id":148,"date":"2025-02-25T11:15:27","date_gmt":"2025-02-25T10:15:27","guid":{"rendered":"https:\/\/govisions.fr\/?page_id=148"},"modified":"2025-09-11T17:15:01","modified_gmt":"2025-09-11T15:15:01","slug":"photogrametrie","status":"publish","type":"page","link":"https:\/\/govisions.fr\/?page_id=148","title":{"rendered":"Photogramm\u00e9trie"},"content":{"rendered":"\n<figure class=\"wp-block-gallery has-nested-images columns-default is-cropped wp-block-gallery-1 is-layout-flex wp-block-gallery-is-layout-flex\"><\/figure>\n\n\n\n<p><p style=\"margin: 0.5em 0px 1em; color: rgb(32, 33, 34); font-family: sans-serif; font-size: 16px; font-style: normal; font-variant-ligatures: normal; font-variant-caps: normal; font-weight: 400; letter-spacing: normal; orphans: 2; text-align: start; text-indent: 0px; text-transform: none; widows: 2; word-spacing: 0px; -webkit-text-stroke-width: 0px; white-space: normal; background-color: rgb(255, 255, 255); text-decoration-thickness: initial; text-decoration-style: initial; text-decoration-color: initial;\">La<span>\u00a0<\/span><b>photogramm\u00e9trie<\/b><span>\u00a0<\/span>est une technique qui consiste \u00e0 effectuer des mesures dans une sc\u00e8ne, en utilisant la<span>\u00a0<\/span>parallaxe<span>\u00a0<\/span>obtenue entre des images acquises selon des points de vue diff\u00e9rents. Recopiant la vision st\u00e9r\u00e9oscopique humaine, elle a longtemps exploit\u00e9 celle-ci pour reconstituer le relief de la sc\u00e8ne \u00e0 partir de cette diff\u00e9rence de points de vue. Actuellement, elle exploite de plus en plus les calculs de corr\u00e9lation entre des images d\u00e9sormais num\u00e9riques (photogramm\u00e9trie num\u00e9rique).<\/p><\/p>\n\n\n\n<p><p style=\"margin: 0.5em 0px 1em; color: rgb(32, 33, 34); font-family: sans-serif; font-size: 16px; font-style: normal; font-variant-ligatures: normal; font-variant-caps: normal; font-weight: 400; letter-spacing: normal; orphans: 2; text-align: start; text-indent: 0px; text-transform: none; widows: 2; word-spacing: 0px; -webkit-text-stroke-width: 0px; white-space: normal; background-color: rgb(255, 255, 255); text-decoration-thickness: initial; text-decoration-style: initial; text-decoration-color: initial;\">Cette technique repose enti\u00e8rement sur une mod\u00e9lisation rigoureuse de la g\u00e9om\u00e9trie des images et de leur acquisition afin de reconstituer une copie 3D exacte de la r\u00e9alit\u00e9.<\/p><\/p>\n\n\n\n<p><em>Wikip\u00e9dia<\/em><\/p>\n\n\n\n<figure class=\"wp-block-gallery has-nested-images columns-default is-cropped wp-block-gallery-2 is-layout-flex wp-block-gallery-is-layout-flex\">\n<figure class=\"wp-block-image size-large\"><img loading=\"lazy\" decoding=\"async\" width=\"565\" height=\"310\" data-id=\"292\" src=\"https:\/\/govisions.fr\/wp-content\/uploads\/2025\/09\/HANGAR.png\" alt=\"\" class=\"wp-image-292\" srcset=\"https:\/\/govisions.fr\/wp-content\/uploads\/2025\/09\/HANGAR.png 565w, https:\/\/govisions.fr\/wp-content\/uploads\/2025\/09\/HANGAR-300x165.png 300w\" sizes=\"auto, (max-width: 565px) 100vw, 565px\" \/><\/figure>\n\n\n\n<figure class=\"wp-block-image size-large\"><img loading=\"lazy\" decoding=\"async\" width=\"1024\" height=\"403\" data-id=\"293\" src=\"https:\/\/govisions.fr\/wp-content\/uploads\/2025\/09\/Modelisation-Meximieux-Prise-de-vue-1024x403.png\" alt=\"\" class=\"wp-image-293\" srcset=\"https:\/\/govisions.fr\/wp-content\/uploads\/2025\/09\/Modelisation-Meximieux-Prise-de-vue-1024x403.png 1024w, https:\/\/govisions.fr\/wp-content\/uploads\/2025\/09\/Modelisation-Meximieux-Prise-de-vue-300x118.png 300w, https:\/\/govisions.fr\/wp-content\/uploads\/2025\/09\/Modelisation-Meximieux-Prise-de-vue-768x302.png 768w, https:\/\/govisions.fr\/wp-content\/uploads\/2025\/09\/Modelisation-Meximieux-Prise-de-vue.png 1207w\" sizes=\"auto, (max-width: 1024px) 100vw, 1024px\" \/><\/figure>\n<\/figure>\n\n\n\n<p><\/p>\n\n\n\n<p><\/p>\n","protected":false},"excerpt":{"rendered":"<p>La\u00a0photogramm\u00e9trie\u00a0est une technique qui consiste \u00e0 effectuer des mesures dans une sc\u00e8ne, en utilisant la\u00a0parallaxe\u00a0obtenue entre des images acquises selon des points de vue diff\u00e9rents. Recopiant la vision st\u00e9r\u00e9oscopique humaine, elle a longtemps exploit\u00e9 celle-ci pour reconstituer le relief de &hellip; <a href=\"https:\/\/govisions.fr\/?page_id=148\">Continuer la lecture <span class=\"meta-nav\">&rarr;<\/span><\/a><\/p>\n","protected":false},"author":1,"featured_media":0,"parent":0,"menu_order":0,"comment_status":"closed","ping_status":"closed","template":"","meta":{"footnotes":""},"class_list":["post-148","page","type-page","status-publish","hentry"],"_links":{"self":[{"href":"https:\/\/govisions.fr\/index.php?rest_route=\/wp\/v2\/pages\/148","targetHints":{"allow":["GET"]}}],"collection":[{"href":"https:\/\/govisions.fr\/index.php?rest_route=\/wp\/v2\/pages"}],"about":[{"href":"https:\/\/govisions.fr\/index.php?rest_route=\/wp\/v2\/types\/page"}],"author":[{"embeddable":true,"href":"https:\/\/govisions.fr\/index.php?rest_route=\/wp\/v2\/users\/1"}],"replies":[{"embeddable":true,"href":"https:\/\/govisions.fr\/index.php?rest_route=%2Fwp%2Fv2%2Fcomments&post=148"}],"version-history":[{"count":6,"href":"https:\/\/govisions.fr\/index.php?rest_route=\/wp\/v2\/pages\/148\/revisions"}],"predecessor-version":[{"id":294,"href":"https:\/\/govisions.fr\/index.php?rest_route=\/wp\/v2\/pages\/148\/revisions\/294"}],"wp:attachment":[{"href":"https:\/\/govisions.fr\/index.php?rest_route=%2Fwp%2Fv2%2Fmedia&parent=148"}],"curies":[{"name":"wp","href":"https:\/\/api.w.org\/{rel}","templated":true}]}}