{"id":14,"date":"2025-02-04T14:15:56","date_gmt":"2025-02-04T13:15:56","guid":{"rendered":"https:\/\/govisions.fr\/?page_id=14"},"modified":"2025-08-29T14:43:32","modified_gmt":"2025-08-29T12:43:32","slug":"inspections","status":"publish","type":"page","link":"https:\/\/govisions.fr\/?page_id=14","title":{"rendered":"Inspections de b\u00e2timents"},"content":{"rendered":"\n<p><\/p>\n\n\n\n<p><strong>Pour quels besoins<\/strong><\/p>\n\n\n\n<p>aux besoins sp\u00e9cifiques des collectivit\u00e9s, entreprises et gestionnaires immobiliers<\/p>\n\n\n\n<p><strong>Pour quels m\u00e9tiers<\/strong><\/p>\n\n\n\n<ul class=\"wp-block-list\">\n<li>Entreprises de couverture<\/li>\n\n\n\n<li>Entrepreneurs g\u00e9n\u00e9raux<\/li>\n\n\n\n<li>Compagnies d&rsquo;assurance<\/li>\n\n\n\n<li>Soci\u00e9t\u00e9s de gestion des installations<\/li>\n\n\n\n<li>Fabricants et installateurs de panneaux solaires<\/li>\n\n\n\n<li>Soci\u00e9t\u00e9s de gestion de b\u00e2timents<\/li>\n<\/ul>\n\n\n\n<details class=\"wp-block-details is-layout-flow wp-block-details-is-layout-flow\"><summary><\/summary>\n<figure class=\"wp-block-image is-resized\"><img loading=\"lazy\" decoding=\"async\" width=\"897\" height=\"1024\" src=\"https:\/\/govisions.fr\/wp-content\/uploads\/2025\/02\/tole-disjointe-PNG-897x1024.png\" alt=\"\" class=\"wp-image-129\" style=\"width:220px;height:auto\" srcset=\"https:\/\/govisions.fr\/wp-content\/uploads\/2025\/02\/tole-disjointe-PNG-897x1024.png 897w, https:\/\/govisions.fr\/wp-content\/uploads\/2025\/02\/tole-disjointe-PNG-263x300.png 263w, https:\/\/govisions.fr\/wp-content\/uploads\/2025\/02\/tole-disjointe-PNG-768x877.png 768w, https:\/\/govisions.fr\/wp-content\/uploads\/2025\/02\/tole-disjointe-PNG-1346x1536.png 1346w, https:\/\/govisions.fr\/wp-content\/uploads\/2025\/02\/tole-disjointe-PNG.png 1350w\" sizes=\"auto, (max-width: 897px) 100vw, 897px\" \/><\/figure>\n<\/details>\n\n\n\n<div class=\"wp-block-columns is-layout-flex wp-container-core-columns-is-layout-9d6595d7 wp-block-columns-is-layout-flex\">\n<div class=\"wp-block-column is-layout-flow wp-block-column-is-layout-flow\">\n<figure class=\"wp-block-image size-large\"><img loading=\"lazy\" decoding=\"async\" width=\"1024\" height=\"449\" src=\"https:\/\/govisions.fr\/wp-content\/uploads\/2025\/02\/Trous-dans-le-mur-sud-1-1024x449.png\" alt=\"\" class=\"wp-image-133\" srcset=\"https:\/\/govisions.fr\/wp-content\/uploads\/2025\/02\/Trous-dans-le-mur-sud-1-1024x449.png 1024w, https:\/\/govisions.fr\/wp-content\/uploads\/2025\/02\/Trous-dans-le-mur-sud-1-300x131.png 300w, https:\/\/govisions.fr\/wp-content\/uploads\/2025\/02\/Trous-dans-le-mur-sud-1-768x337.png 768w, https:\/\/govisions.fr\/wp-content\/uploads\/2025\/02\/Trous-dans-le-mur-sud-1-1536x673.png 1536w, https:\/\/govisions.fr\/wp-content\/uploads\/2025\/02\/Trous-dans-le-mur-sud-1-2048x897.png 2048w\" sizes=\"auto, (max-width: 1024px) 100vw, 1024px\" \/><\/figure>\n<\/div>\n\n\n\n<div class=\"wp-block-column is-layout-flow wp-block-column-is-layout-flow\">\n<figure class=\"wp-block-image size-large is-resized\"><img loading=\"lazy\" decoding=\"async\" width=\"897\" height=\"1024\" src=\"https:\/\/govisions.fr\/wp-content\/uploads\/2025\/02\/tole-disjointe-PNG-897x1024.png\" alt=\"\" class=\"wp-image-129\" style=\"width:146px;height:auto\" srcset=\"https:\/\/govisions.fr\/wp-content\/uploads\/2025\/02\/tole-disjointe-PNG-897x1024.png 897w, https:\/\/govisions.fr\/wp-content\/uploads\/2025\/02\/tole-disjointe-PNG-263x300.png 263w, https:\/\/govisions.fr\/wp-content\/uploads\/2025\/02\/tole-disjointe-PNG-768x877.png 768w, https:\/\/govisions.fr\/wp-content\/uploads\/2025\/02\/tole-disjointe-PNG-1346x1536.png 1346w, https:\/\/govisions.fr\/wp-content\/uploads\/2025\/02\/tole-disjointe-PNG.png 1350w\" sizes=\"auto, (max-width: 897px) 100vw, 897px\" \/><\/figure>\n<\/div>\n<\/div>\n\n\n\n<div class=\"wp-block-columns is-layout-flex wp-container-core-columns-is-layout-9d6595d7 wp-block-columns-is-layout-flex\">\n<div class=\"wp-block-column is-layout-flow wp-block-column-is-layout-flow\">\n<figure class=\"wp-block-image size-large\"><img loading=\"lazy\" decoding=\"async\" width=\"1024\" height=\"813\" src=\"https:\/\/govisions.fr\/wp-content\/uploads\/2025\/02\/Tuille-cassee-infiltration-png-1024x813.png\" alt=\"\" class=\"wp-image-127\" srcset=\"https:\/\/govisions.fr\/wp-content\/uploads\/2025\/02\/Tuille-cassee-infiltration-png-1024x813.png 1024w, https:\/\/govisions.fr\/wp-content\/uploads\/2025\/02\/Tuille-cassee-infiltration-png-300x238.png 300w, https:\/\/govisions.fr\/wp-content\/uploads\/2025\/02\/Tuille-cassee-infiltration-png-768x609.png 768w, https:\/\/govisions.fr\/wp-content\/uploads\/2025\/02\/Tuille-cassee-infiltration-png.png 1274w\" sizes=\"auto, (max-width: 1024px) 100vw, 1024px\" \/><\/figure>\n<\/div>\n\n\n\n<div class=\"wp-block-column is-layout-flow wp-block-column-is-layout-flow\">\n<figure class=\"wp-block-image size-full\"><img loading=\"lazy\" decoding=\"async\" width=\"564\" height=\"324\" src=\"https:\/\/govisions.fr\/wp-content\/uploads\/2025\/02\/Inspection-de-toitures-Tuille-cassee-2.png\" alt=\"\" class=\"wp-image-117\" srcset=\"https:\/\/govisions.fr\/wp-content\/uploads\/2025\/02\/Inspection-de-toitures-Tuille-cassee-2.png 564w, https:\/\/govisions.fr\/wp-content\/uploads\/2025\/02\/Inspection-de-toitures-Tuille-cassee-2-300x172.png 300w\" sizes=\"auto, (max-width: 564px) 100vw, 564px\" \/><\/figure>\n<\/div>\n\n\n\n<div class=\"wp-block-column is-layout-flow wp-block-column-is-layout-flow\">\n<figure class=\"wp-block-image size-full\"><img loading=\"lazy\" decoding=\"async\" width=\"736\" height=\"958\" src=\"https:\/\/govisions.fr\/wp-content\/uploads\/2025\/02\/Tuille-cassee-infiltration3-png.png\" alt=\"\" class=\"wp-image-128\" srcset=\"https:\/\/govisions.fr\/wp-content\/uploads\/2025\/02\/Tuille-cassee-infiltration3-png.png 736w, https:\/\/govisions.fr\/wp-content\/uploads\/2025\/02\/Tuille-cassee-infiltration3-png-230x300.png 230w\" sizes=\"auto, (max-width: 736px) 100vw, 736px\" \/><\/figure>\n<\/div>\n<\/div>\n\n\n\n<p><\/p>\n","protected":false},"excerpt":{"rendered":"<p>Pour quels besoins aux besoins sp\u00e9cifiques des collectivit\u00e9s, entreprises et gestionnaires immobiliers Pour quels m\u00e9tiers<\/p>\n","protected":false},"author":1,"featured_media":0,"parent":0,"menu_order":0,"comment_status":"closed","ping_status":"closed","template":"","meta":{"footnotes":""},"class_list":["post-14","page","type-page","status-publish","hentry"],"_links":{"self":[{"href":"https:\/\/govisions.fr\/index.php?rest_route=\/wp\/v2\/pages\/14","targetHints":{"allow":["GET"]}}],"collection":[{"href":"https:\/\/govisions.fr\/index.php?rest_route=\/wp\/v2\/pages"}],"about":[{"href":"https:\/\/govisions.fr\/index.php?rest_route=\/wp\/v2\/types\/page"}],"author":[{"embeddable":true,"href":"https:\/\/govisions.fr\/index.php?rest_route=\/wp\/v2\/users\/1"}],"replies":[{"embeddable":true,"href":"https:\/\/govisions.fr\/index.php?rest_route=%2Fwp%2Fv2%2Fcomments&post=14"}],"version-history":[{"count":11,"href":"https:\/\/govisions.fr\/index.php?rest_route=\/wp\/v2\/pages\/14\/revisions"}],"predecessor-version":[{"id":272,"href":"https:\/\/govisions.fr\/index.php?rest_route=\/wp\/v2\/pages\/14\/revisions\/272"}],"wp:attachment":[{"href":"https:\/\/govisions.fr\/index.php?rest_route=%2Fwp%2Fv2%2Fmedia&parent=14"}],"curies":[{"name":"wp","href":"https:\/\/api.w.org\/{rel}","templated":true}]}}