{"id":12,"date":"2025-02-04T14:15:29","date_gmt":"2025-02-04T13:15:29","guid":{"rendered":"https:\/\/govisions.fr\/?page_id=12"},"modified":"2025-02-04T16:02:42","modified_gmt":"2025-02-04T15:02:42","slug":"drones","status":"publish","type":"page","link":"https:\/\/govisions.fr\/?page_id=12","title":{"rendered":"Drones"},"content":{"rendered":"\n<p>Les progr\u00e8s des technologies de drones ont permis aux fabricants de produire une large gamme de mod\u00e8les de diff\u00e9rentes tailles, poids et formes, pouvant transporter diff\u00e9rentes charges utiles de capteurs, ce qui les rend avantageux pour une large base d&rsquo;applications.<\/p>\n\n\n\n<h2 class=\"wp-block-heading has-blue-color has-text-color has-link-color wp-elements-4c8993a96a76f63c03c4beb931c23458\">L&rsquo;utilisation croissante des drones dans la construction et la r\u00e9novation<\/h2>\n\n\n\n<p>L&rsquo;utilisation de drones dans la construction augmente l&rsquo;efficacit\u00e9 op\u00e9rationnelle et la rentabilit\u00e9 des m\u00e9thodes d&rsquo;arpentage en surmontant les inconv\u00e9nients des m\u00e9thodes traditionnelles telles que l&rsquo;erreur humaine.<\/p>\n\n\n\n<p>Les drones sont de plus en plus utilis\u00e9s pour effectuer l\u2019inspection visuelle des zones \u00e0 haut risque d\u2019un chantier de construction. L\u2019efficacit\u00e9 de la communication et de la gestion sur site est \u00e9galement renforc\u00e9e par la capacit\u00e9 de collecter des donn\u00e9es en temps r\u00e9el \u00e0 partir de drones.<\/p>\n\n\n\n<p>Les drones aident \u00e9galement les ing\u00e9nieurs et les g\u00e9om\u00e8tres \u00e0 effectuer l\u2019inspection des structures de grande hauteur et \u00e0 visualiser l\u2019avancement du projet gr\u00e2ce \u00e0 des prises de vue a\u00e9riennes.<\/p>\n\n\n\n<p>De plus, ils fournissent aux gestionnaires de chantier un aper\u00e7u des probl\u00e8mes potentiels et facilitent les aspects cl\u00e9s de la prise de d\u00e9cision pour rationaliser les op\u00e9rations sur un chantier de construction.<\/p>\n\n\n\n<figure class=\"wp-block-image size-full\"><img loading=\"lazy\" decoding=\"async\" width=\"268\" height=\"115\" src=\"https:\/\/govisions.fr\/wp-content\/uploads\/2025\/02\/drone-industriel.png\" alt=\"\" class=\"wp-image-86\"\/><\/figure>\n","protected":false},"excerpt":{"rendered":"<p>Les progr\u00e8s des technologies de drones ont permis aux fabricants de produire une large gamme de mod\u00e8les de diff\u00e9rentes tailles, poids et formes, pouvant transporter diff\u00e9rentes charges utiles de capteurs, ce qui les rend avantageux pour une large base d&rsquo;applications. &hellip; <a href=\"https:\/\/govisions.fr\/?page_id=12\">Continuer la lecture <span class=\"meta-nav\">&rarr;<\/span><\/a><\/p>\n","protected":false},"author":1,"featured_media":0,"parent":0,"menu_order":0,"comment_status":"closed","ping_status":"closed","template":"","meta":{"footnotes":""},"class_list":["post-12","page","type-page","status-publish","hentry"],"_links":{"self":[{"href":"https:\/\/govisions.fr\/index.php?rest_route=\/wp\/v2\/pages\/12","targetHints":{"allow":["GET"]}}],"collection":[{"href":"https:\/\/govisions.fr\/index.php?rest_route=\/wp\/v2\/pages"}],"about":[{"href":"https:\/\/govisions.fr\/index.php?rest_route=\/wp\/v2\/types\/page"}],"author":[{"embeddable":true,"href":"https:\/\/govisions.fr\/index.php?rest_route=\/wp\/v2\/users\/1"}],"replies":[{"embeddable":true,"href":"https:\/\/govisions.fr\/index.php?rest_route=%2Fwp%2Fv2%2Fcomments&post=12"}],"version-history":[{"count":5,"href":"https:\/\/govisions.fr\/index.php?rest_route=\/wp\/v2\/pages\/12\/revisions"}],"predecessor-version":[{"id":95,"href":"https:\/\/govisions.fr\/index.php?rest_route=\/wp\/v2\/pages\/12\/revisions\/95"}],"wp:attachment":[{"href":"https:\/\/govisions.fr\/index.php?rest_route=%2Fwp%2Fv2%2Fmedia&parent=12"}],"curies":[{"name":"wp","href":"https:\/\/api.w.org\/{rel}","templated":true}]}}