{"id":10,"date":"2025-02-04T14:15:05","date_gmt":"2025-02-04T13:15:05","guid":{"rendered":"https:\/\/govisions.fr\/?page_id=10"},"modified":"2026-03-25T11:46:38","modified_gmt":"2026-03-25T10:46:38","slug":"actualites","status":"publish","type":"page","link":"https:\/\/govisions.fr\/","title":{"rendered":"Actualit\u00e9s"},"content":{"rendered":"\n<p>En cet automne 2025, notre actualit\u00e9 est tr\u00e8s riche avec une offre de services \u00ab\u00a0Inspection de b\u00e2timents\u00a0\u00bb, sp\u00e9cialement pour :<\/p>\n\n\n\n<div class=\"wp-block-group has-blue-color has-text-color has-link-color wp-elements-057c85844bd1b44daff6102e3489c8f4\"><div class=\"wp-block-group__inner-container is-layout-constrained wp-block-group-is-layout-constrained\">\n<p class=\"has-blue-color has-text-color has-link-color has-medium-font-size wp-elements-76761ea67d05127e852d642e9128ad54\"><a href=\"https:\/\/govisions.fr\/?page_id=197\" data-type=\"page\" data-id=\"197\">Op\u00e9ration Mairies et Collectivit\u00e9s locales<\/a><\/p>\n\n\n\n<h2 class=\"wp-block-heading has-medium-font-size\"><\/h2>\n<\/div><\/div>\n\n\n\n<figure class=\"wp-block-gallery has-nested-images columns-default is-cropped wp-block-gallery-1 is-layout-flex wp-block-gallery-is-layout-flex\">\n<figure class=\"wp-block-image size-large\"><img loading=\"lazy\" decoding=\"async\" width=\"1024\" height=\"768\" data-id=\"218\" src=\"https:\/\/govisions.fr\/wp-content\/uploads\/2025\/03\/Photo-DJI-AIR-3-1024x768.jpg\" alt=\"\" class=\"wp-image-218\" srcset=\"https:\/\/govisions.fr\/wp-content\/uploads\/2025\/03\/Photo-DJI-AIR-3-1024x768.jpg 1024w, https:\/\/govisions.fr\/wp-content\/uploads\/2025\/03\/Photo-DJI-AIR-3-300x225.jpg 300w, https:\/\/govisions.fr\/wp-content\/uploads\/2025\/03\/Photo-DJI-AIR-3-768x576.jpg 768w, https:\/\/govisions.fr\/wp-content\/uploads\/2025\/03\/Photo-DJI-AIR-3-1536x1152.jpg 1536w, https:\/\/govisions.fr\/wp-content\/uploads\/2025\/03\/Photo-DJI-AIR-3-2048x1536.jpg 2048w\" sizes=\"auto, (max-width: 1024px) 100vw, 1024px\" \/><\/figure>\n\n\n\n<figure class=\"wp-block-image size-large\"><img loading=\"lazy\" decoding=\"async\" width=\"238\" height=\"244\" data-id=\"219\" src=\"https:\/\/govisions.fr\/wp-content\/uploads\/2025\/03\/dessin-mairie-1.png\" alt=\"\" class=\"wp-image-219\"\/><\/figure>\n<\/figure>\n\n\n\n<h2 class=\"wp-block-heading has-text-color has-link-color wp-elements-519e0992d611819535668d6a91598df1\" style=\"color:#ffffff\">Op\u00e9ration Centres de sant\u00e9 &#8211; H\u00f4pitaux<\/h2>\n\n\n\n<p class=\"has-text-align-center has-text-color has-link-color has-medium-font-size wp-elements-ff3408d1b71f7776d35300d4aa2cc61f\" style=\"color:#fd0404\"><\/p>\n\n\n\n<p>Le contexte de chaque mission est diff\u00e9rent en fonction de la typologie des lieux et du contexte professionnel du client, mais l&rsquo;approche m\u00e9thodologique sera la m\u00eame:<\/p>\n\n\n\n<ul class=\"wp-block-list\">\n<li>Pr\u00e9paration de la mission &#8211; \u00e9tude des lieux &#8211; demandes d&rsquo;autorisation <\/li>\n\n\n\n<li>Installation et pr\u00e9paration de la zone de vol &#8211; r\u00e9alisation du vol (photos &#8211; vid\u00e9os)<\/li>\n\n\n\n<li>Analyse thermique<\/li>\n\n\n\n<li>R\u00e9alisation et pr\u00e9sentation du rapport d&rsquo;inspection<\/li>\n<\/ul>\n\n\n\n<h2 class=\"wp-block-heading has-text-align-center has-blue-color has-text-color has-link-color wp-elements-b606e845a1b369472e34c9b9bce1f50a\">Contactez nous: gillesorcel@orange.fr<\/h2>\n\n\n\n<p><a href=\"https:\/\/www.instagram.com\/govisions1\/\">Suivez-nous sur Instagram<\/a><\/p>\n\n\n\n<figure class=\"wp-block-image size-full\"><a href=\"https:\/\/www.instagram.com\/govisions1\/\"><img loading=\"lazy\" decoding=\"async\" width=\"34\" height=\"33\" src=\"https:\/\/govisions.fr\/wp-content\/uploads\/2025\/04\/image-2.png\" alt=\"\" class=\"wp-image-240\"\/><\/a><\/figure>\n\n\n\n<p><\/p>\n","protected":false},"excerpt":{"rendered":"<p>En cet automne 2025, notre actualit\u00e9 est tr\u00e8s riche avec une offre de services \u00ab\u00a0Inspection de b\u00e2timents\u00a0\u00bb, sp\u00e9cialement pour : Op\u00e9ration Mairies et Collectivit\u00e9s locales Op\u00e9ration Centres de sant\u00e9 &#8211; H\u00f4pitaux Le contexte de chaque mission est diff\u00e9rent en fonction &hellip; <a href=\"https:\/\/govisions.fr\/\">Continuer la lecture <span class=\"meta-nav\">&rarr;<\/span><\/a><\/p>\n","protected":false},"author":1,"featured_media":0,"parent":0,"menu_order":0,"comment_status":"closed","ping_status":"closed","template":"","meta":{"footnotes":""},"class_list":["post-10","page","type-page","status-publish","hentry"],"_links":{"self":[{"href":"https:\/\/govisions.fr\/index.php?rest_route=\/wp\/v2\/pages\/10","targetHints":{"allow":["GET"]}}],"collection":[{"href":"https:\/\/govisions.fr\/index.php?rest_route=\/wp\/v2\/pages"}],"about":[{"href":"https:\/\/govisions.fr\/index.php?rest_route=\/wp\/v2\/types\/page"}],"author":[{"embeddable":true,"href":"https:\/\/govisions.fr\/index.php?rest_route=\/wp\/v2\/users\/1"}],"replies":[{"embeddable":true,"href":"https:\/\/govisions.fr\/index.php?rest_route=%2Fwp%2Fv2%2Fcomments&post=10"}],"version-history":[{"count":28,"href":"https:\/\/govisions.fr\/index.php?rest_route=\/wp\/v2\/pages\/10\/revisions"}],"predecessor-version":[{"id":303,"href":"https:\/\/govisions.fr\/index.php?rest_route=\/wp\/v2\/pages\/10\/revisions\/303"}],"wp:attachment":[{"href":"https:\/\/govisions.fr\/index.php?rest_route=%2Fwp%2Fv2%2Fmedia&parent=10"}],"curies":[{"name":"wp","href":"https:\/\/api.w.org\/{rel}","templated":true}]}}